{"id":1363,"date":"2024-07-08T21:54:34","date_gmt":"2024-07-08T21:54:34","guid":{"rendered":"https:\/\/americancontractorsagency.com\/?page_id=1363"},"modified":"2024-07-30T12:39:00","modified_gmt":"2024-07-30T18:39:00","slug":"restablecer-contrasena","status":"publish","type":"page","link":"https:\/\/americancontractorsagency.com\/en\/restablecer-contrasena\/","title":{"rendered":"Reset password"},"content":{"rendered":"<div data-elementor-type=\"wp-page\" data-elementor-id=\"1363\" class=\"elementor elementor-1363\" data-elementor-post-type=\"page\">\n\t\t\t\t<div class=\"elementor-element elementor-element-1173465 e-flex e-con-boxed e-con e-parent\" data-id=\"1173465\" data-element_type=\"container\" data-settings=\"{&quot;background_background&quot;:&quot;classic&quot;}\">\n\t\t\t\t\t<div class=\"e-con-inner\">\n\t\t<div class=\"elementor-element elementor-element-e039447 e-con-full e-flex e-con e-child\" data-id=\"e039447\" data-element_type=\"container\">\n\t\t\t\t<div class=\"elementor-element elementor-element-1d13cdd elementor-widget elementor-widget-theme-site-logo elementor-widget-image\" data-id=\"1d13cdd\" data-element_type=\"widget\" data-widget_type=\"theme-site-logo.default\">\n\t\t\t\t<div class=\"elementor-widget-container\">\n\t\t\t\t\t\t\t\t\t\t\t<a href=\"https:\/\/americancontractorsagency.com\/en\">\n\t\t\t<img decoding=\"async\" width=\"260\" height=\"59\" src=\"https:\/\/americancontractorsagency.com\/wp-content\/uploads\/2024\/07\/logo-icon.svg\" class=\"attachment-full size-full wp-image-842\" alt=\"\" \/>\t\t\t\t<\/a>\n\t\t\t\t\t\t\t\t\t\t\t<\/div>\n\t\t\t\t<\/div>\n\t\t\t\t<\/div>\n\t\t<div class=\"elementor-element elementor-element-3ed0cb8 e-con-full e-flex e-con e-child\" data-id=\"3ed0cb8\" data-element_type=\"container\">\n\t\t\t\t<div class=\"elementor-element elementor-element-80c9294 elementor-view-framed elementor-position-left elementor-widget__width-auto elementor-mobile-position-left elementor-hidden-tablet elementor-hidden-mobile elementor-shape-circle elementor-widget elementor-widget-icon-box\" data-id=\"80c9294\" data-element_type=\"widget\" data-widget_type=\"icon-box.default\">\n\t\t\t\t<div class=\"elementor-widget-container\">\n\t\t\t\t\t\t\t<div class=\"elementor-icon-box-wrapper\">\n\n\t\t\t\t\t\t<div class=\"elementor-icon-box-icon\">\n\t\t\t\t<a href=\"https:\/\/americancontractorsagency.com\/en\/contacto\/\" class=\"elementor-icon\" tabindex=\"-1\" aria-label=\"Need help?\">\n\t\t\t\t<svg aria-hidden=\"true\" class=\"e-font-icon-svg e-fas-info\" viewbox=\"0 0 192 512\" xmlns=\"http:\/\/www.w3.org\/2000\/svg\"><path d=\"M20 424.229h20V279.771H20c-11.046 0-20-8.954-20-20V212c0-11.046 8.954-20 20-20h112c11.046 0 20 8.954 20 20v212.229h20c11.046 0 20 8.954 20 20V492c0 11.046-8.954 20-20 20H20c-11.046 0-20-8.954-20-20v-47.771c0-11.046 8.954-20 20-20zM96 0C56.235 0 24 32.235 24 72s32.235 72 72 72 72-32.235 72-72S135.764 0 96 0z\"><\/path><\/svg>\t\t\t\t<\/a>\n\t\t\t<\/div>\n\t\t\t\n\t\t\t\t\t\t<div class=\"elementor-icon-box-content\">\n\n\t\t\t\t\t\t\t\t\t<h3 class=\"elementor-icon-box-title\">\n\t\t\t\t\t\t<a href=\"https:\/\/americancontractorsagency.com\/en\/contacto\/\" >\n\t\t\t\t\t\t\tNeed help?\t\t\t\t\t\t<\/a>\n\t\t\t\t\t<\/h3>\n\t\t\t\t\n\t\t\t\t\t\t\t\t\t<p class=\"elementor-icon-box-description\">\n\t\t\t\t\t\tContact us\t\t\t\t\t<\/p>\n\t\t\t\t\n\t\t\t<\/div>\n\t\t\t\n\t\t<\/div>\n\t\t\t\t\t\t<\/div>\n\t\t\t\t<\/div>\n\t\t\t\t<div class=\"elementor-element elementor-element-5bee61c e-full e-n-menu-none elementor-hidden-desktop elementor-hidden-laptop e-n-menu-layout-horizontal elementor-widget elementor-widget-n-menu\" data-id=\"5bee61c\" data-element_type=\"widget\" data-settings=\"{&quot;content_width&quot;:&quot;full&quot;,&quot;menu_items&quot;:[{&quot;item_title&quot;:&quot;&quot;,&quot;_id&quot;:&quot;ae2f63d&quot;,&quot;item_dropdown_content&quot;:&quot;yes&quot;,&quot;item_link&quot;:{&quot;url&quot;:&quot;&quot;,&quot;is_external&quot;:&quot;&quot;,&quot;nofollow&quot;:&quot;&quot;,&quot;custom_attributes&quot;:&quot;&quot;},&quot;item_icon&quot;:{&quot;value&quot;:&quot;&quot;,&quot;library&quot;:&quot;&quot;},&quot;item_icon_active&quot;:null,&quot;element_id&quot;:&quot;&quot;}],&quot;breakpoint_selector&quot;:&quot;none&quot;,&quot;menu_item_title_distance_from_content_mobile&quot;:{&quot;unit&quot;:&quot;px&quot;,&quot;size&quot;:16,&quot;sizes&quot;:[]},&quot;item_layout&quot;:&quot;horizontal&quot;,&quot;open_on&quot;:&quot;hover&quot;,&quot;horizontal_scroll&quot;:&quot;disable&quot;,&quot;menu_item_title_distance_from_content&quot;:{&quot;unit&quot;:&quot;px&quot;,&quot;size&quot;:0,&quot;sizes&quot;:[]},&quot;menu_item_title_distance_from_content_laptop&quot;:{&quot;unit&quot;:&quot;px&quot;,&quot;size&quot;:&quot;&quot;,&quot;sizes&quot;:[]},&quot;menu_item_title_distance_from_content_tablet&quot;:{&quot;unit&quot;:&quot;px&quot;,&quot;size&quot;:&quot;&quot;,&quot;sizes&quot;:[]}}\" data-widget_type=\"mega-menu.default\">\n\t\t\t\t<div class=\"elementor-widget-container\">\n\t\t\t\t\t\t\t<nav class=\"e-n-menu\" data-widget-number=\"963\" aria-label=\"Men\u00fa\">\n\t\t\t\t\t<button class=\"e-n-menu-toggle\" id=\"menu-toggle-963\" aria-haspopup=\"true\" aria-expanded=\"false\" aria-controls=\"menubar-963\" aria-label=\"Menu Toggle\">\n\t\t\t<span class=\"e-n-menu-toggle-icon e-open\">\n\t\t\t\t<svg class=\"e-font-icon-svg e-eicon-menu-bar\" viewbox=\"0 0 1000 1000\" xmlns=\"http:\/\/www.w3.org\/2000\/svg\"><path d=\"M104 333H896C929 333 958 304 958 271S929 208 896 208H104C71 208 42 237 42 271S71 333 104 333ZM104 583H896C929 583 958 554 958 521S929 458 896 458H104C71 458 42 487 42 521S71 583 104 583ZM104 833H896C929 833 958 804 958 771S929 708 896 708H104C71 708 42 737 42 771S71 833 104 833Z\"><\/path><\/svg>\t\t\t<\/span>\n\t\t\t<span class=\"e-n-menu-toggle-icon e-close\">\n\t\t\t\t<svg class=\"e-font-icon-svg e-eicon-close\" viewbox=\"0 0 1000 1000\" xmlns=\"http:\/\/www.w3.org\/2000\/svg\"><path d=\"M742 167L500 408 258 167C246 154 233 150 217 150 196 150 179 158 167 167 154 179 150 196 150 212 150 229 154 242 171 254L408 500 167 742C138 771 138 800 167 829 196 858 225 858 254 829L496 587 738 829C750 842 767 846 783 846 800 846 817 842 829 829 842 817 846 804 846 783 846 767 842 750 829 737L588 500 833 258C863 229 863 200 833 171 804 137 775 137 742 167Z\"><\/path><\/svg>\t\t\t<\/span>\n\t\t<\/button>\n\t\t\t\t\t<div class=\"e-n-menu-wrapper\" id=\"menubar-963\" aria-labelledby=\"menu-toggle-963\">\n\t\t\t\t<ul class=\"e-n-menu-heading\">\n\t\t\t\t\t\t\t\t<li class=\"e-n-menu-item\">\n\t\t\t\t<div id=\"e-n-menu-title-9631\" class=\"e-n-menu-title\">\n\t\t\t\t\t<div class=\"e-n-menu-title-container\">\t\t\t\t\t\t\t\t\t\t\t\t<span class=\"e-n-menu-title-text\">\n\t\t\t\t\t\t\t\t\t\t\t\t\t<\/span>\n\t\t\t\t\t<\/div>\t\t\t\t\t\t\t\t\t\t\t<button id=\"e-n-menu-dropdown-icon-9631\" class=\"e-n-menu-dropdown-icon e-focus\" data-tab-index=\"1\" aria-haspopup=\"true\" aria-expanded=\"false\" aria-controls=\"e-n-menu-content-9631\" >\n\t\t\t\t\t\t\t<span class=\"e-n-menu-dropdown-icon-opened\">\n\t\t\t\t\t\t\t\t<svg aria-hidden=\"true\" class=\"e-font-icon-svg e-fas-times\" viewbox=\"0 0 352 512\" xmlns=\"http:\/\/www.w3.org\/2000\/svg\"><path d=\"M242.72 256l100.07-100.07c12.28-12.28 12.28-32.19 0-44.48l-22.24-22.24c-12.28-12.28-32.19-12.28-44.48 0L176 189.28 75.93 89.21c-12.28-12.28-32.19-12.28-44.48 0L9.21 111.45c-12.28 12.28-12.28 32.19 0 44.48L109.28 256 9.21 356.07c-12.28 12.28-12.28 32.19 0 44.48l22.24 22.24c12.28 12.28 32.2 12.28 44.48 0L176 322.72l100.07 100.07c12.28 12.28 32.2 12.28 44.48 0l22.24-22.24c12.28-12.28 12.28-32.19 0-44.48L242.72 256z\"><\/path><\/svg>\t\t\t\t\t\t\t\t<span class=\"elementor-screen-only\">Close <\/span>\n\t\t\t\t\t\t\t<\/span>\n\t\t\t\t\t\t\t<span class=\"e-n-menu-dropdown-icon-closed\">\n\t\t\t\t\t\t\t\t<svg aria-hidden=\"true\" class=\"e-font-icon-svg e-fas-bars\" viewbox=\"0 0 448 512\" xmlns=\"http:\/\/www.w3.org\/2000\/svg\"><path d=\"M16 132h416c8.837 0 16-7.163 16-16V76c0-8.837-7.163-16-16-16H16C7.163 60 0 67.163 0 76v40c0 8.837 7.163 16 16 16zm0 160h416c8.837 0 16-7.163 16-16v-40c0-8.837-7.163-16-16-16H16c-8.837 0-16 7.163-16 16v40c0 8.837 7.163 16 16 16zm0 160h416c8.837 0 16-7.163 16-16v-40c0-8.837-7.163-16-16-16H16c-8.837 0-16 7.163-16 16v40c0 8.837 7.163 16 16 16z\"><\/path><\/svg>\t\t\t\t\t\t\t\t<span class=\"elementor-screen-only\">Open <\/span>\n\t\t\t\t\t\t\t<\/span>\n\t\t\t\t\t\t<\/button>\n\t\t\t\t\t\t\t\t\t<\/div>\n\t\t\t\t\t\t\t\t\t<div class=\"e-n-menu-content\">\n\t\t\t\t\t\t<div id=\"e-n-menu-content-9631\" data-tab-index=\"1\" aria-labelledby=\"e-n-menu-dropdown-icon-9631\" class=\"elementor-element elementor-element-394c49c e-flex e-con-boxed e-con e-child\" data-id=\"394c49c\" data-element_type=\"container\">\n\t\t\t\t\t<div class=\"e-con-inner\">\n\t\t\t\t<div class=\"elementor-element elementor-element-2f54f49 elementor-view-framed elementor-position-left elementor-widget__width-auto elementor-mobile-position-left elementor-shape-circle elementor-widget elementor-widget-icon-box\" data-id=\"2f54f49\" data-element_type=\"widget\" data-widget_type=\"icon-box.default\">\n\t\t\t\t<div class=\"elementor-widget-container\">\n\t\t\t\t\t\t\t<div class=\"elementor-icon-box-wrapper\">\n\n\t\t\t\t\t\t<div class=\"elementor-icon-box-icon\">\n\t\t\t\t<a href=\"https:\/\/americancontractorsagency.com\/en\/contacto\/\" class=\"elementor-icon\" tabindex=\"-1\" aria-label=\"Need help?\">\n\t\t\t\t<svg aria-hidden=\"true\" class=\"e-font-icon-svg e-fas-info\" viewbox=\"0 0 192 512\" xmlns=\"http:\/\/www.w3.org\/2000\/svg\"><path d=\"M20 424.229h20V279.771H20c-11.046 0-20-8.954-20-20V212c0-11.046 8.954-20 20-20h112c11.046 0 20 8.954 20 20v212.229h20c11.046 0 20 8.954 20 20V492c0 11.046-8.954 20-20 20H20c-11.046 0-20-8.954-20-20v-47.771c0-11.046 8.954-20 20-20zM96 0C56.235 0 24 32.235 24 72s32.235 72 72 72 72-32.235 72-72S135.764 0 96 0z\"><\/path><\/svg>\t\t\t\t<\/a>\n\t\t\t<\/div>\n\t\t\t\n\t\t\t\t\t\t<div class=\"elementor-icon-box-content\">\n\n\t\t\t\t\t\t\t\t\t<h3 class=\"elementor-icon-box-title\">\n\t\t\t\t\t\t<a href=\"https:\/\/americancontractorsagency.com\/en\/contacto\/\" >\n\t\t\t\t\t\t\tNeed help?\t\t\t\t\t\t<\/a>\n\t\t\t\t\t<\/h3>\n\t\t\t\t\n\t\t\t\t\t\t\t\t\t<p class=\"elementor-icon-box-description\">\n\t\t\t\t\t\tContact us\t\t\t\t\t<\/p>\n\t\t\t\t\n\t\t\t<\/div>\n\t\t\t\n\t\t<\/div>\n\t\t\t\t\t\t<\/div>\n\t\t\t\t<\/div>\n\t\t\t\t\t<\/div>\n\t\t\t\t<\/div>\n\t\t\t\t\t\t\t<\/div>\n\t\t\t\t\t\t\t<\/li>\n\t\t\t\t\t\t<\/ul>\n\t\t\t<\/div>\n\t\t<\/nav>\n\t\t\t\t\t\t<\/div>\n\t\t\t\t<\/div>\n\t\t\t\t<\/div>\n\t\t\t\t\t<\/div>\n\t\t\t\t<\/div>\n\t\t<div class=\"elementor-element elementor-element-3628a83 e-flex e-con-boxed e-con e-parent\" data-id=\"3628a83\" data-element_type=\"container\">\n\t\t\t\t\t<div class=\"e-con-inner\">\n\t\t<div class=\"elementor-element elementor-element-d42eebc e-con-full e-flex e-con e-child\" data-id=\"d42eebc\" data-element_type=\"container\">\n\t\t\t\t<div class=\"elementor-element elementor-element-00af43c elementor-widget elementor-widget-heading\" data-id=\"00af43c\" data-element_type=\"widget\" data-widget_type=\"heading.default\">\n\t\t\t\t<div class=\"elementor-widget-container\">\n\t\t\t\t\t<h2 class=\"elementor-heading-title elementor-size-default\">Reset password<\/h2>\t\t\t\t<\/div>\n\t\t\t\t<\/div>\n\t\t\t\t<div class=\"elementor-element elementor-element-d3c56c0 elementor-widget elementor-widget-text-editor\" data-id=\"d3c56c0\" data-element_type=\"widget\" data-widget_type=\"text-editor.default\">\n\t\t\t\t<div class=\"elementor-widget-container\">\n\t\t\t\t\t\t\t\t\tEnter your details to recover your password.\t\t\t\t\t\t\t\t<\/div>\n\t\t\t\t<\/div>\n\t\t\t\t<\/div>\n\t\t\t\t<div class=\"elementor-element elementor-element-e439d7f elementor-button-align-stretch elementor-widget elementor-widget-form\" data-id=\"e439d7f\" data-element_type=\"widget\" data-settings=\"{&quot;step_next_label&quot;:&quot;Siguiente&quot;,&quot;step_previous_label&quot;:&quot;Anterior&quot;,&quot;button_width&quot;:&quot;100&quot;,&quot;step_type&quot;:&quot;number_text&quot;,&quot;step_icon_shape&quot;:&quot;circle&quot;}\" data-widget_type=\"form.default\">\n\t\t\t\t<div class=\"elementor-widget-container\">\n\t\t\t\t\t\t\t<form class=\"elementor-form\" method=\"post\" name=\"Iniciar sesi\u00f3n\" aria-label=\"Log in\" action=\"\">\n\t\t\t<input type=\"hidden\" name=\"post_id\" value=\"1363\"\/>\n\t\t\t<input type=\"hidden\" name=\"form_id\" value=\"e439d7f\"\/>\n\t\t\t<input type=\"hidden\" name=\"referer_title\" value=\"American Contractors Agency\" \/>\n\n\t\t\t\n\t\t\t<div class=\"elementor-form-fields-wrapper elementor-labels-above\">\n\t\t\t\t\t\t\t\t<div class=\"elementor-field-type-text elementor-field-group elementor-column elementor-field-group-email elementor-col-100 elementor-field-required\">\n\t\t\t\t\t\t\t\t\t\t\t\t<label for=\"form-field-email\" class=\"elementor-field-label\">\n\t\t\t\t\t\t\t\tEmail address\t\t\t\t\t\t\t<\/label>\n\t\t\t\t\t\t\t\t\t\t\t\t\t\t<input size=\"1\" type=\"text\" name=\"form_fields[email]\" id=\"form-field-email\" class=\"elementor-field elementor-size-sm  elementor-field-textual\" required=\"required\">\n\t\t\t\t\t\t\t\t\t\t\t<\/div>\n\t\t\t\t<style>.ap-password{display:none}<\/style>\t\t\t\t\n\t\t\t\t\t\t\t\t<div class=\"elementor-field-group elementor-column elementor-field-type-submit elementor-col-100 e-form__buttons\">\n\t\t\t\t\t<button class=\"elementor-button elementor-size-sm\" type=\"submit\">\n\t\t\t\t\t\t<span class=\"elementor-button-content-wrapper\">\n\t\t\t\t\t\t\t\t\t\t\t\t\t\t\t\t\t\t\t\t\t\t<span class=\"elementor-button-text\">Reset password<\/span>\n\t\t\t\t\t\t\t\t\t\t\t\t\t<\/span>\n\t\t\t\t\t<\/button>\n\t\t\t\t<\/div>\n\t\t\t<\/div>\n\t\t<input type=\"hidden\" name=\"trp-form-language\" value=\"en\"\/><\/form>\n\t\t\t\t\t\t<\/div>\n\t\t\t\t<\/div>\n\t\t\t\t<div class=\"elementor-element elementor-element-e517b3b jedv-enabled--yes elementor-widget elementor-widget-heading\" data-id=\"e517b3b\" data-element_type=\"widget\" data-widget_type=\"heading.default\">\n\t\t\t\t<div class=\"elementor-widget-container\">\n\t\t\t\t\t<h2 class=\"elementor-heading-title elementor-size-default\"><a href=\"https:\/\/americancontractorsagency.com\/en\/iniciar-sesion\/\">Log in<\/a><\/h2>\t\t\t\t<\/div>\n\t\t\t\t<\/div>\n\t\t\t\t\t<\/div>\n\t\t\t\t<\/div>\n\t\t\t\t<\/div>","protected":false},"excerpt":{"rendered":"<p>\u00bfNecesitas ayuda? Cont\u00e1ctanos aqu\u00ed Close Open \u00bfNecesitas ayuda? Cont\u00e1ctanos aqu\u00ed \u00bfNecesitas ayuda? Cont\u00e1ctanos aqu\u00ed Restablecer contrase\u00f1a Ingresa tus datos para recuperar tu contrase\u00f1a. Iniciar sesi\u00f3n<\/p>","protected":false},"author":1,"featured_media":0,"parent":0,"menu_order":0,"comment_status":"closed","ping_status":"closed","template":"elementor_canvas","meta":{"_joinchat":[],"footnotes":""},"wf_page_folders":[19],"class_list":["post-1363","page","type-page","status-publish","hentry"],"yoast_head":"<!-- This site is optimized with the Yoast SEO plugin v26.2 - https:\/\/yoast.com\/wordpress\/plugins\/seo\/ -->\n<title>Restablecer contrase\u00f1a - American Contractors Agency<\/title>\n<meta name=\"robots\" content=\"index, follow, max-snippet:-1, max-image-preview:large, max-video-preview:-1\" \/>\n<link rel=\"canonical\" href=\"https:\/\/americancontractorsagency.com\/en\/restablecer-contrasena\/\" \/>\n<meta property=\"og:locale\" content=\"en_US\" \/>\n<meta property=\"og:type\" content=\"article\" \/>\n<meta property=\"og:title\" content=\"Restablecer contrase\u00f1a - American Contractors Agency\" \/>\n<meta property=\"og:description\" content=\"\u00bfNecesitas ayuda? Cont\u00e1ctanos aqu\u00ed Close Open \u00bfNecesitas ayuda? Cont\u00e1ctanos aqu\u00ed \u00bfNecesitas ayuda? Cont\u00e1ctanos aqu\u00ed Restablecer contrase\u00f1a Ingresa tus datos para recuperar tu contrase\u00f1a. Iniciar sesi\u00f3n\" \/>\n<meta property=\"og:url\" content=\"https:\/\/americancontractorsagency.com\/en\/restablecer-contrasena\/\" \/>\n<meta property=\"og:site_name\" content=\"American Contractors Agency\" \/>\n<meta property=\"article:modified_time\" content=\"2024-07-30T18:39:00+00:00\" \/>\n<meta name=\"twitter:card\" content=\"summary_large_image\" \/>\n<script type=\"application\/ld+json\" class=\"yoast-schema-graph\">{\"@context\":\"https:\/\/schema.org\",\"@graph\":[{\"@type\":\"WebPage\",\"@id\":\"https:\/\/americancontractorsagency.com\/restablecer-contrasena\/\",\"url\":\"https:\/\/americancontractorsagency.com\/restablecer-contrasena\/\",\"name\":\"Restablecer contrase\u00f1a - American Contractors Agency\",\"isPartOf\":{\"@id\":\"https:\/\/americancontractorsagency.com\/#website\"},\"datePublished\":\"2024-07-08T21:54:34+00:00\",\"dateModified\":\"2024-07-30T18:39:00+00:00\",\"breadcrumb\":{\"@id\":\"https:\/\/americancontractorsagency.com\/restablecer-contrasena\/#breadcrumb\"},\"inLanguage\":\"en-US\",\"potentialAction\":[{\"@type\":\"ReadAction\",\"target\":[\"https:\/\/americancontractorsagency.com\/restablecer-contrasena\/\"]}]},{\"@type\":\"BreadcrumbList\",\"@id\":\"https:\/\/americancontractorsagency.com\/restablecer-contrasena\/#breadcrumb\",\"itemListElement\":[{\"@type\":\"ListItem\",\"position\":1,\"name\":\"Portada\",\"item\":\"https:\/\/americancontractorsagency.com\/\"},{\"@type\":\"ListItem\",\"position\":2,\"name\":\"Restablecer contrase\u00f1a\"}]},{\"@type\":\"WebSite\",\"@id\":\"https:\/\/americancontractorsagency.com\/#website\",\"url\":\"https:\/\/americancontractorsagency.com\/\",\"name\":\"American Contractors Agency\",\"description\":\"\",\"publisher\":{\"@id\":\"https:\/\/americancontractorsagency.com\/#organization\"},\"potentialAction\":[{\"@type\":\"SearchAction\",\"target\":{\"@type\":\"EntryPoint\",\"urlTemplate\":\"https:\/\/americancontractorsagency.com\/?s={search_term_string}\"},\"query-input\":{\"@type\":\"PropertyValueSpecification\",\"valueRequired\":true,\"valueName\":\"search_term_string\"}}],\"inLanguage\":\"en-US\"},{\"@type\":\"Organization\",\"@id\":\"https:\/\/americancontractorsagency.com\/#organization\",\"name\":\"American Contractors Agency\",\"url\":\"https:\/\/americancontractorsagency.com\/\",\"logo\":{\"@type\":\"ImageObject\",\"inLanguage\":\"en-US\",\"@id\":\"https:\/\/americancontractorsagency.com\/#\/schema\/logo\/image\/\",\"url\":\"https:\/\/americancontractorsagency.com\/wp-content\/uploads\/2024\/07\/logo-icon.svg\",\"contentUrl\":\"https:\/\/americancontractorsagency.com\/wp-content\/uploads\/2024\/07\/logo-icon.svg\",\"width\":260,\"height\":59,\"caption\":\"American Contractors Agency\"},\"image\":{\"@id\":\"https:\/\/americancontractorsagency.com\/#\/schema\/logo\/image\/\"}}]}<\/script>\n<!-- \/ Yoast SEO plugin. -->","yoast_head_json":{"title":"Restablecer contrase\u00f1a - American Contractors Agency","robots":{"index":"index","follow":"follow","max-snippet":"max-snippet:-1","max-image-preview":"max-image-preview:large","max-video-preview":"max-video-preview:-1"},"canonical":"https:\/\/americancontractorsagency.com\/en\/restablecer-contrasena\/","og_locale":"en_US","og_type":"article","og_title":"Restablecer contrase\u00f1a - American Contractors Agency","og_description":"\u00bfNecesitas ayuda? Cont\u00e1ctanos aqu\u00ed Close Open \u00bfNecesitas ayuda? Cont\u00e1ctanos aqu\u00ed \u00bfNecesitas ayuda? Cont\u00e1ctanos aqu\u00ed Restablecer contrase\u00f1a Ingresa tus datos para recuperar tu contrase\u00f1a. Iniciar sesi\u00f3n","og_url":"https:\/\/americancontractorsagency.com\/en\/restablecer-contrasena\/","og_site_name":"American Contractors Agency","article_modified_time":"2024-07-30T18:39:00+00:00","twitter_card":"summary_large_image","schema":{"@context":"https:\/\/schema.org","@graph":[{"@type":"WebPage","@id":"https:\/\/americancontractorsagency.com\/restablecer-contrasena\/","url":"https:\/\/americancontractorsagency.com\/restablecer-contrasena\/","name":"Restablecer contrase\u00f1a - American Contractors Agency","isPartOf":{"@id":"https:\/\/americancontractorsagency.com\/#website"},"datePublished":"2024-07-08T21:54:34+00:00","dateModified":"2024-07-30T18:39:00+00:00","breadcrumb":{"@id":"https:\/\/americancontractorsagency.com\/restablecer-contrasena\/#breadcrumb"},"inLanguage":"en-US","potentialAction":[{"@type":"ReadAction","target":["https:\/\/americancontractorsagency.com\/restablecer-contrasena\/"]}]},{"@type":"BreadcrumbList","@id":"https:\/\/americancontractorsagency.com\/restablecer-contrasena\/#breadcrumb","itemListElement":[{"@type":"ListItem","position":1,"name":"Portada","item":"https:\/\/americancontractorsagency.com\/"},{"@type":"ListItem","position":2,"name":"Restablecer contrase\u00f1a"}]},{"@type":"WebSite","@id":"https:\/\/americancontractorsagency.com\/#website","url":"https:\/\/americancontractorsagency.com\/","name":"American Contractors Agency","description":"","publisher":{"@id":"https:\/\/americancontractorsagency.com\/#organization"},"potentialAction":[{"@type":"SearchAction","target":{"@type":"EntryPoint","urlTemplate":"https:\/\/americancontractorsagency.com\/?s={search_term_string}"},"query-input":{"@type":"PropertyValueSpecification","valueRequired":true,"valueName":"search_term_string"}}],"inLanguage":"en-US"},{"@type":"Organization","@id":"https:\/\/americancontractorsagency.com\/#organization","name":"American Contractors Agency","url":"https:\/\/americancontractorsagency.com\/","logo":{"@type":"ImageObject","inLanguage":"en-US","@id":"https:\/\/americancontractorsagency.com\/#\/schema\/logo\/image\/","url":"https:\/\/americancontractorsagency.com\/wp-content\/uploads\/2024\/07\/logo-icon.svg","contentUrl":"https:\/\/americancontractorsagency.com\/wp-content\/uploads\/2024\/07\/logo-icon.svg","width":260,"height":59,"caption":"American Contractors Agency"},"image":{"@id":"https:\/\/americancontractorsagency.com\/#\/schema\/logo\/image\/"}}]}},"_links":{"self":[{"href":"https:\/\/americancontractorsagency.com\/en\/wp-json\/wp\/v2\/pages\/1363","targetHints":{"allow":["GET"]}}],"collection":[{"href":"https:\/\/americancontractorsagency.com\/en\/wp-json\/wp\/v2\/pages"}],"about":[{"href":"https:\/\/americancontractorsagency.com\/en\/wp-json\/wp\/v2\/types\/page"}],"author":[{"embeddable":true,"href":"https:\/\/americancontractorsagency.com\/en\/wp-json\/wp\/v2\/users\/1"}],"replies":[{"embeddable":true,"href":"https:\/\/americancontractorsagency.com\/en\/wp-json\/wp\/v2\/comments?post=1363"}],"version-history":[{"count":0,"href":"https:\/\/americancontractorsagency.com\/en\/wp-json\/wp\/v2\/pages\/1363\/revisions"}],"wp:attachment":[{"href":"https:\/\/americancontractorsagency.com\/en\/wp-json\/wp\/v2\/media?parent=1363"}],"wp:term":[{"taxonomy":"wf_page_folders","embeddable":true,"href":"https:\/\/americancontractorsagency.com\/en\/wp-json\/wp\/v2\/wf_page_folders?post=1363"}],"curies":[{"name":"wp","href":"https:\/\/api.w.org\/{rel}","templated":true}]}}